{"id":7440,"date":"2024-10-14T12:14:52","date_gmt":"2024-10-14T12:14:52","guid":{"rendered":"https:\/\/haavind.no\/techinsight-new\/?page_id=7440"},"modified":"2025-08-21T13:54:52","modified_gmt":"2025-08-21T13:54:52","slug":"events","status":"publish","type":"page","link":"https:\/\/haavind.no\/techinsight\/events\/","title":{"rendered":"Events"},"content":{"rendered":"\t<div class=\"template-page alignwide wp-block-dekode-hero\">\n\t\t<div class=\"hero__inner\">\n\t\t\t<div class=\"hero__inner_blocks\">\n\t\t\t\t\n<h1 class=\"wp-block-post-title\">Events<\/h1>\n\n\n\t\t\t\t\t\t\t\t\t\t\t<\/div>\n\t\t<\/div>\n\t\t\t\t\t<\/div>\n\t\n\n\n<h2 class=\"wp-block-heading\" id=\"h-kommende-arrangementer\">Kommende arrangementer<\/h2>\n\n\n\n<div class=\"wp-block-media-text is-stacked-on-mobile is-style-50\"><figure class=\"wp-block-media-text__media\"><img loading=\"lazy\" decoding=\"async\" width=\"460\" height=\"352\" src=\"https:\/\/haavind.no\/content\/uploads\/sites\/5\/2025\/01\/Electronic-Communication-Code-460x352-1.png\" alt=\"\" class=\"wp-image-7880 size-full\" srcset=\"https:\/\/haavind.no\/content\/uploads\/sites\/5\/2025\/01\/Electronic-Communication-Code-460x352-1.png 460w, https:\/\/haavind.no\/content\/uploads\/sites\/5\/2025\/01\/Electronic-Communication-Code-460x352-1-300x230.png 300w\" sizes=\"(max-width: 460px) 100vw, 460px\" \/><\/figure><div class=\"wp-block-media-text__content\">\n<p>Tech Insight Live &#8211; September 2025<\/p>\n\n\n\n<p>Mer informasjon kommer snart.<\/p>\n<\/div><\/div>\n\n\n\n<hr class=\"wp-block-separator has-alpha-channel-opacity\" \/>\n\n\n\n<h2 class=\"wp-block-heading\" id=\"h-tidligere-arrangementer\">Tidligere arrangementer<\/h2>\n\n\n\n<div class=\"wp-block-media-text is-stacked-on-mobile is-style-50\"><figure class=\"wp-block-media-text__media\"><img loading=\"lazy\" decoding=\"async\" width=\"460\" height=\"352\" src=\"https:\/\/haavind.no\/content\/uploads\/sites\/5\/2025\/01\/Data-Act-460x352-1.jpg\" alt=\"\" class=\"wp-image-7862 size-full\" srcset=\"https:\/\/haavind.no\/content\/uploads\/sites\/5\/2025\/01\/Data-Act-460x352-1.jpg 460w, https:\/\/haavind.no\/content\/uploads\/sites\/5\/2025\/01\/Data-Act-460x352-1-300x230.jpg 300w\" sizes=\"(max-width: 460px) 100vw, 460px\" \/><\/figure><div class=\"wp-block-media-text__content\">\n<p><strong><a href=\"https:\/\/haavind.no\/arrangementer\/tech-insight-live-med-glitni\/\">Tech Insight Live med Glitni 28. januar 2025<\/a><\/strong><\/p>\n\n\n\n<p>F\u00e5 oversikt over kommende lovgivning innen dataforvaltning og datadeling. I tillegg vil du f\u00e5 konkrete verkt\u00f8y og tips for \u00e5 f\u00e5 orden p\u00e5 dataene dine og et lynkurs i begreper som dataklassifisering, datakontrakter, dataprodukter og dataeierskap.<\/p>\n\n\n\n<p>Meld deg p\u00e5 <a href=\"https:\/\/haavind.no\/arrangementer\/tech-insight-live-med-glitni\/\"><strong><span style=\"text-decoration: underline\">her<\/span><\/strong><\/a>.<\/p>\n<\/div><\/div>\n\n\n\n<div class=\"wp-block-media-text is-stacked-on-mobile is-style-50\"><figure class=\"wp-block-media-text__media\"><img loading=\"lazy\" decoding=\"async\" width=\"516\" height=\"800\" src=\"https:\/\/haavind.no\/content\/uploads\/sites\/5\/2024\/10\/Norwegian-Digital-Security-Act.png\" alt=\"\" class=\"wp-image-7483 size-full\" srcset=\"https:\/\/haavind.no\/content\/uploads\/sites\/5\/2024\/10\/Norwegian-Digital-Security-Act.png 516w, https:\/\/haavind.no\/content\/uploads\/sites\/5\/2024\/10\/Norwegian-Digital-Security-Act-194x300.png 194w\" sizes=\"(max-width: 516px) 100vw, 516px\" \/><\/figure><div class=\"wp-block-media-text__content\">\n<p><a href=\"https:\/\/haavind.no\/arrangementer\/tech-insight-live\/\"><strong>Tech Insight Live med Netsecurity 23. oktober <\/strong><\/a><strong>2024<\/strong><\/p>\n\n\n\n<p>F\u00e5 oversikt over kommende lovgivning innen cybersikkerhet og et dypdykk i hvordan du kan tiln\u00e6rme deg kommende forskriftskrav til risiko- og sikkerhetsstyring.<\/p>\n\n\n\n<p>Meld deg p\u00e5 <span style=\"text-decoration: underline\"><strong><a href=\"https:\/\/haavind.no\/arrangementer\/tech-insight-live\/\">her<\/a><\/strong><\/span>.<\/p>\n<\/div><\/div>\n","protected":false},"excerpt":{"rendered":"","protected":false},"author":1,"featured_media":0,"parent":0,"menu_order":0,"comment_status":"closed","ping_status":"closed","template":"","meta":{"footnotes":"","_haavind_back_button_link_url":"","_haavind_back_button_link_text":"","_haavind_back_button_link_url_open_in_new_tab":false},"acf":[],"yoast_head":"<!-- This site is optimized with the Yoast SEO Premium plugin v24.2 (Yoast SEO v24.2) - https:\/\/yoast.com\/wordpress\/plugins\/seo\/ -->\n<title>Events - Haavind Tech Insight<\/title>\n<meta name=\"robots\" content=\"index, follow, max-snippet:-1, max-image-preview:large, max-video-preview:-1\" \/>\n<link rel=\"canonical\" href=\"https:\/\/haavind.no\/techinsight\/events\/\" \/>\n<meta property=\"og:locale\" content=\"en_US\" \/>\n<meta property=\"og:type\" content=\"article\" \/>\n<meta property=\"og:title\" content=\"Events\" \/>\n<meta property=\"og:url\" content=\"https:\/\/haavind.no\/techinsight\/events\/\" \/>\n<meta property=\"og:site_name\" content=\"Haavind Tech Insight\" \/>\n<meta property=\"article:modified_time\" content=\"2025-08-21T13:54:52+00:00\" \/>\n<meta property=\"og:image\" content=\"https:\/\/haavind.no\/content\/uploads\/sites\/5\/2025\/01\/Electronic-Communication-Code-460x352-1.png\" \/>\n\t<meta property=\"og:image:width\" content=\"460\" \/>\n\t<meta property=\"og:image:height\" content=\"352\" \/>\n\t<meta property=\"og:image:type\" content=\"image\/png\" \/>\n<meta name=\"twitter:card\" content=\"summary_large_image\" \/>\n<meta name=\"twitter:label1\" content=\"Est. reading time\" \/>\n\t<meta name=\"twitter:data1\" content=\"2 minutes\" \/>\n<script type=\"application\/ld+json\" class=\"yoast-schema-graph\">{\"@context\":\"https:\/\/schema.org\",\"@graph\":[{\"@type\":\"WebPage\",\"@id\":\"https:\/\/haavind.no\/techinsight\/events\/\",\"url\":\"https:\/\/haavind.no\/techinsight\/events\/\",\"name\":\"Events - Haavind Tech Insight\",\"isPartOf\":{\"@id\":\"https:\/\/haavind.no\/techinsight\/#website\"},\"primaryImageOfPage\":{\"@id\":\"https:\/\/haavind.no\/techinsight\/events\/#primaryimage\"},\"image\":{\"@id\":\"https:\/\/haavind.no\/techinsight\/events\/#primaryimage\"},\"thumbnailUrl\":\"https:\/\/haavind.no\/content\/uploads\/sites\/5\/2025\/01\/Electronic-Communication-Code-460x352-1.png\",\"datePublished\":\"2024-10-14T12:14:52+00:00\",\"dateModified\":\"2025-08-21T13:54:52+00:00\",\"breadcrumb\":{\"@id\":\"https:\/\/haavind.no\/techinsight\/events\/#breadcrumb\"},\"inLanguage\":\"en-US\",\"potentialAction\":[{\"@type\":\"ReadAction\",\"target\":[\"https:\/\/haavind.no\/techinsight\/events\/\"]}]},{\"@type\":\"ImageObject\",\"inLanguage\":\"en-US\",\"@id\":\"https:\/\/haavind.no\/techinsight\/events\/#primaryimage\",\"url\":\"https:\/\/haavind.no\/content\/uploads\/sites\/5\/2025\/01\/Electronic-Communication-Code-460x352-1.png\",\"contentUrl\":\"https:\/\/haavind.no\/content\/uploads\/sites\/5\/2025\/01\/Electronic-Communication-Code-460x352-1.png\"},{\"@type\":\"BreadcrumbList\",\"@id\":\"https:\/\/haavind.no\/techinsight\/events\/#breadcrumb\",\"itemListElement\":[{\"@type\":\"ListItem\",\"position\":1,\"name\":\"Home\",\"item\":\"https:\/\/haavind.no\/techinsight\/\"},{\"@type\":\"ListItem\",\"position\":2,\"name\":\"Events\"}]},{\"@type\":\"WebSite\",\"@id\":\"https:\/\/haavind.no\/techinsight\/#website\",\"url\":\"https:\/\/haavind.no\/techinsight\/\",\"name\":\"Haavind Tech Insight\",\"description\":\"Stay ahead with our digital roadmap of EU Tech regulations\",\"potentialAction\":[{\"@type\":\"SearchAction\",\"target\":{\"@type\":\"EntryPoint\",\"urlTemplate\":\"https:\/\/haavind.no\/techinsight\/?s={search_term_string}\"},\"query-input\":{\"@type\":\"PropertyValueSpecification\",\"valueRequired\":true,\"valueName\":\"search_term_string\"}}],\"inLanguage\":\"en-US\"}]}<\/script>\n<!-- \/ Yoast SEO Premium plugin. -->","yoast_head_json":{"title":"Events - Haavind Tech Insight","robots":{"index":"index","follow":"follow","max-snippet":"max-snippet:-1","max-image-preview":"max-image-preview:large","max-video-preview":"max-video-preview:-1"},"canonical":"https:\/\/haavind.no\/techinsight\/events\/","og_locale":"en_US","og_type":"article","og_title":"Events","og_url":"https:\/\/haavind.no\/techinsight\/events\/","og_site_name":"Haavind Tech Insight","article_modified_time":"2025-08-21T13:54:52+00:00","og_image":[{"width":460,"height":352,"url":"https:\/\/haavind.no\/content\/uploads\/sites\/5\/2025\/01\/Electronic-Communication-Code-460x352-1.png","type":"image\/png"}],"twitter_card":"summary_large_image","twitter_misc":{"Est. reading time":"2 minutes"},"schema":{"@context":"https:\/\/schema.org","@graph":[{"@type":"WebPage","@id":"https:\/\/haavind.no\/techinsight\/events\/","url":"https:\/\/haavind.no\/techinsight\/events\/","name":"Events - Haavind Tech Insight","isPartOf":{"@id":"https:\/\/haavind.no\/techinsight\/#website"},"primaryImageOfPage":{"@id":"https:\/\/haavind.no\/techinsight\/events\/#primaryimage"},"image":{"@id":"https:\/\/haavind.no\/techinsight\/events\/#primaryimage"},"thumbnailUrl":"https:\/\/haavind.no\/content\/uploads\/sites\/5\/2025\/01\/Electronic-Communication-Code-460x352-1.png","datePublished":"2024-10-14T12:14:52+00:00","dateModified":"2025-08-21T13:54:52+00:00","breadcrumb":{"@id":"https:\/\/haavind.no\/techinsight\/events\/#breadcrumb"},"inLanguage":"en-US","potentialAction":[{"@type":"ReadAction","target":["https:\/\/haavind.no\/techinsight\/events\/"]}]},{"@type":"ImageObject","inLanguage":"en-US","@id":"https:\/\/haavind.no\/techinsight\/events\/#primaryimage","url":"https:\/\/haavind.no\/content\/uploads\/sites\/5\/2025\/01\/Electronic-Communication-Code-460x352-1.png","contentUrl":"https:\/\/haavind.no\/content\/uploads\/sites\/5\/2025\/01\/Electronic-Communication-Code-460x352-1.png"},{"@type":"BreadcrumbList","@id":"https:\/\/haavind.no\/techinsight\/events\/#breadcrumb","itemListElement":[{"@type":"ListItem","position":1,"name":"Home","item":"https:\/\/haavind.no\/techinsight\/"},{"@type":"ListItem","position":2,"name":"Events"}]},{"@type":"WebSite","@id":"https:\/\/haavind.no\/techinsight\/#website","url":"https:\/\/haavind.no\/techinsight\/","name":"Haavind Tech Insight","description":"Stay ahead with our digital roadmap of EU Tech regulations","potentialAction":[{"@type":"SearchAction","target":{"@type":"EntryPoint","urlTemplate":"https:\/\/haavind.no\/techinsight\/?s={search_term_string}"},"query-input":{"@type":"PropertyValueSpecification","valueRequired":true,"valueName":"search_term_string"}}],"inLanguage":"en-US"}]}},"_links":{"self":[{"href":"https:\/\/haavind.no\/techinsight\/wp-json\/wp\/v2\/pages\/7440"}],"collection":[{"href":"https:\/\/haavind.no\/techinsight\/wp-json\/wp\/v2\/pages"}],"about":[{"href":"https:\/\/haavind.no\/techinsight\/wp-json\/wp\/v2\/types\/page"}],"author":[{"embeddable":true,"href":"https:\/\/haavind.no\/techinsight\/wp-json\/wp\/v2\/users\/1"}],"replies":[{"embeddable":true,"href":"https:\/\/haavind.no\/techinsight\/wp-json\/wp\/v2\/comments?post=7440"}],"version-history":[{"count":14,"href":"https:\/\/haavind.no\/techinsight\/wp-json\/wp\/v2\/pages\/7440\/revisions"}],"predecessor-version":[{"id":7960,"href":"https:\/\/haavind.no\/techinsight\/wp-json\/wp\/v2\/pages\/7440\/revisions\/7960"}],"wp:attachment":[{"href":"https:\/\/haavind.no\/techinsight\/wp-json\/wp\/v2\/media?parent=7440"}],"curies":[{"name":"wp","href":"https:\/\/api.w.org\/{rel}","templated":true}]}}