{"id":6122,"date":"2025-03-04T11:15:59","date_gmt":"2025-03-04T10:15:59","guid":{"rendered":"https:\/\/haavind.no\/havbruktilhavs\/?page_id=6122"},"modified":"2025-03-05T14:25:06","modified_gmt":"2025-03-05T13:25:06","slug":"kontrakter","status":"publish","type":"page","link":"https:\/\/haavind.no\/havbruktilhavs\/kontrakter\/","title":{"rendered":"Kontrakter"},"content":{"rendered":"\t<div class=\"template-page alignwide wp-block-dekode-hero\">\n\t\t<div class=\"hero__inner\">\n\t\t\t<div class=\"hero__inner_blocks\">\n\t\t\t\t\n<h1 class=\"wp-block-post-title\">Kontrakter<\/h1>\n\n\n<p>Havbruk til havs vil medf\u00f8re utvikling og produksjon av havbruksinstallasjoner og levering av en lang rekke varer og tjenester. Det vil v\u00e6re aktuelt \u00e5 benytte eller bygge p\u00e5 etablerte kontraktstandarder b\u00e5de i havbruksn\u00e6ringen og i relaterte n\u00e6ringer som offshore petroleumsindustri.<\/p>\n\n\n\n<div class=\"wp-block-buttons is-layout-flex wp-block-buttons-is-layout-flex\"><\/div>\n\n\t\t\t\t\t\t\t\t\t\t\t<\/div>\n\t\t<\/div>\n\t\t\t\t\t<\/div>\n\t\n\n\n<p>Bruk av kontraktstandarden vil kunne variere mellom prosjekter. \u00abStandardbetingelser for tilvirkningskj\u00f8p i havbruksn\u00e6ringen 2023\u00bb (STH 23) er spesialtilpasset havbruksn\u00e6ringens behov og er tiltenkt brukt i leveranser til en rekke ulike investeringsprosjekter, herunder havbruk til havs. Som fremholdt av Sj\u00f8mat Norge, anbefales STH 23 for kontrakter hvor leverand\u00f8ren st\u00e5r for prosjektering, innkj\u00f8p og utf\u00f8relse av et produkt eller et system. Prosjektering og fabrikasjon av installasjoner for havbruk til havs vil ha paralleller til innretninger i offshore petroleumsindustri. Kontraktene kan eventuelt ogs\u00e5 baseres p\u00e5 andre etablerte standarder slik som NTK 15, med n\u00f8dvendige tilpasninger til de spesifikke forholdene knyttet til havbruk til havs. Akt\u00f8rer som er vant med bruk av NTK 15 vil ogs\u00e5 kjenne seg igjen i STH 23. Dersom STH 23 tas i bruk i st\u00f8rst mulig grad, vil det over tid kunne etableres et enhetlig rammeverk og praksis i bransjen for slike prosjekter og leveranser. STH 23 vil bli videreutviklet i l\u00f8pet av 2025 med en versjon hvor ogs\u00e5 montering og installasjon av leveransen er omfattet. <\/p>\n\n\n\n<p>Les mer om Standardbetingelser for tilvirkningskj\u00f8p i havbruksn\u00e6ringen 2023: <a href=\"https:\/\/haavind.no\/ny-standardkontrakt-for-havbruksnaeringen\/\">Ny standardkontrakt for havbruksn\u00e6ringen &#8211; Haavind<\/a><\/p>\n","protected":false},"excerpt":{"rendered":"","protected":false},"author":6,"featured_media":0,"parent":0,"menu_order":0,"comment_status":"closed","ping_status":"closed","template":"","meta":{"footnotes":"","_haavind_back_button_link_url":"","_haavind_back_button_link_text":"","_haavind_back_button_link_url_open_in_new_tab":false},"acf":[],"yoast_head":"<!-- This site is optimized with the Yoast SEO Premium plugin v24.2 (Yoast SEO v24.2) - https:\/\/yoast.com\/wordpress\/plugins\/seo\/ -->\n<title>Kontrakter - Havbruk Til Havs<\/title>\n<meta name=\"robots\" content=\"index, follow, max-snippet:-1, max-image-preview:large, max-video-preview:-1\" \/>\n<link rel=\"canonical\" href=\"https:\/\/haavind.no\/havbruktilhavs\/kontrakter\/\" \/>\n<meta property=\"og:locale\" content=\"nb_NO\" \/>\n<meta property=\"og:type\" content=\"article\" \/>\n<meta property=\"og:title\" content=\"Kontrakter\" \/>\n<meta property=\"og:url\" content=\"https:\/\/haavind.no\/havbruktilhavs\/kontrakter\/\" \/>\n<meta property=\"og:site_name\" content=\"Havbruk Til Havs\" \/>\n<meta property=\"article:modified_time\" content=\"2025-03-05T13:25:06+00:00\" \/>\n<meta name=\"twitter:card\" content=\"summary_large_image\" \/>\n<meta name=\"twitter:label1\" content=\"Ansl. lesetid\" \/>\n\t<meta name=\"twitter:data1\" content=\"2 minutter\" \/>\n<script type=\"application\/ld+json\" class=\"yoast-schema-graph\">{\"@context\":\"https:\/\/schema.org\",\"@graph\":[{\"@type\":\"WebPage\",\"@id\":\"https:\/\/haavind.no\/havbruktilhavs\/kontrakter\/\",\"url\":\"https:\/\/haavind.no\/havbruktilhavs\/kontrakter\/\",\"name\":\"Kontrakter - Havbruk Til Havs\",\"isPartOf\":{\"@id\":\"https:\/\/haavind.no\/havbruktilhavs\/#website\"},\"datePublished\":\"2025-03-04T10:15:59+00:00\",\"dateModified\":\"2025-03-05T13:25:06+00:00\",\"breadcrumb\":{\"@id\":\"https:\/\/haavind.no\/havbruktilhavs\/kontrakter\/#breadcrumb\"},\"inLanguage\":\"nb-NO\",\"potentialAction\":[{\"@type\":\"ReadAction\",\"target\":[\"https:\/\/haavind.no\/havbruktilhavs\/kontrakter\/\"]}]},{\"@type\":\"BreadcrumbList\",\"@id\":\"https:\/\/haavind.no\/havbruktilhavs\/kontrakter\/#breadcrumb\",\"itemListElement\":[{\"@type\":\"ListItem\",\"position\":1,\"name\":\"Havbruk til havs\",\"item\":\"https:\/\/haavind.no\/havbruktilhavs\/\"},{\"@type\":\"ListItem\",\"position\":2,\"name\":\"Kontrakter\"}]},{\"@type\":\"WebSite\",\"@id\":\"https:\/\/haavind.no\/havbruktilhavs\/#website\",\"url\":\"https:\/\/haavind.no\/havbruktilhavs\/\",\"name\":\"Havbruk Til Havs\",\"description\":\"\",\"potentialAction\":[{\"@type\":\"SearchAction\",\"target\":{\"@type\":\"EntryPoint\",\"urlTemplate\":\"https:\/\/haavind.no\/havbruktilhavs\/?s={search_term_string}\"},\"query-input\":{\"@type\":\"PropertyValueSpecification\",\"valueRequired\":true,\"valueName\":\"search_term_string\"}}],\"inLanguage\":\"nb-NO\"}]}<\/script>\n<!-- \/ Yoast SEO Premium plugin. -->","yoast_head_json":{"title":"Kontrakter - Havbruk Til Havs","robots":{"index":"index","follow":"follow","max-snippet":"max-snippet:-1","max-image-preview":"max-image-preview:large","max-video-preview":"max-video-preview:-1"},"canonical":"https:\/\/haavind.no\/havbruktilhavs\/kontrakter\/","og_locale":"nb_NO","og_type":"article","og_title":"Kontrakter","og_url":"https:\/\/haavind.no\/havbruktilhavs\/kontrakter\/","og_site_name":"Havbruk Til Havs","article_modified_time":"2025-03-05T13:25:06+00:00","twitter_card":"summary_large_image","twitter_misc":{"Ansl. lesetid":"2 minutter"},"schema":{"@context":"https:\/\/schema.org","@graph":[{"@type":"WebPage","@id":"https:\/\/haavind.no\/havbruktilhavs\/kontrakter\/","url":"https:\/\/haavind.no\/havbruktilhavs\/kontrakter\/","name":"Kontrakter - Havbruk Til Havs","isPartOf":{"@id":"https:\/\/haavind.no\/havbruktilhavs\/#website"},"datePublished":"2025-03-04T10:15:59+00:00","dateModified":"2025-03-05T13:25:06+00:00","breadcrumb":{"@id":"https:\/\/haavind.no\/havbruktilhavs\/kontrakter\/#breadcrumb"},"inLanguage":"nb-NO","potentialAction":[{"@type":"ReadAction","target":["https:\/\/haavind.no\/havbruktilhavs\/kontrakter\/"]}]},{"@type":"BreadcrumbList","@id":"https:\/\/haavind.no\/havbruktilhavs\/kontrakter\/#breadcrumb","itemListElement":[{"@type":"ListItem","position":1,"name":"Havbruk til havs","item":"https:\/\/haavind.no\/havbruktilhavs\/"},{"@type":"ListItem","position":2,"name":"Kontrakter"}]},{"@type":"WebSite","@id":"https:\/\/haavind.no\/havbruktilhavs\/#website","url":"https:\/\/haavind.no\/havbruktilhavs\/","name":"Havbruk Til Havs","description":"","potentialAction":[{"@type":"SearchAction","target":{"@type":"EntryPoint","urlTemplate":"https:\/\/haavind.no\/havbruktilhavs\/?s={search_term_string}"},"query-input":{"@type":"PropertyValueSpecification","valueRequired":true,"valueName":"search_term_string"}}],"inLanguage":"nb-NO"}]}},"_links":{"self":[{"href":"https:\/\/haavind.no\/havbruktilhavs\/wp-json\/wp\/v2\/pages\/6122"}],"collection":[{"href":"https:\/\/haavind.no\/havbruktilhavs\/wp-json\/wp\/v2\/pages"}],"about":[{"href":"https:\/\/haavind.no\/havbruktilhavs\/wp-json\/wp\/v2\/types\/page"}],"author":[{"embeddable":true,"href":"https:\/\/haavind.no\/havbruktilhavs\/wp-json\/wp\/v2\/users\/6"}],"replies":[{"embeddable":true,"href":"https:\/\/haavind.no\/havbruktilhavs\/wp-json\/wp\/v2\/comments?post=6122"}],"version-history":[{"count":2,"href":"https:\/\/haavind.no\/havbruktilhavs\/wp-json\/wp\/v2\/pages\/6122\/revisions"}],"predecessor-version":[{"id":6171,"href":"https:\/\/haavind.no\/havbruktilhavs\/wp-json\/wp\/v2\/pages\/6122\/revisions\/6171"}],"wp:attachment":[{"href":"https:\/\/haavind.no\/havbruktilhavs\/wp-json\/wp\/v2\/media?parent=6122"}],"curies":[{"name":"wp","href":"https:\/\/api.w.org\/{rel}","templated":true}]}}