{"id":6116,"date":"2025-03-04T11:10:18","date_gmt":"2025-03-04T10:10:18","guid":{"rendered":"https:\/\/haavind.no\/havbruktilhavs\/?page_id=6116"},"modified":"2025-03-31T13:34:36","modified_gmt":"2025-03-31T11:34:36","slug":"finansiering-og-skatt","status":"publish","type":"page","link":"https:\/\/haavind.no\/havbruktilhavs\/finansiering-og-skatt\/","title":{"rendered":"Finansiering og skatt"},"content":{"rendered":"\t<div class=\"template-page alignwide wp-block-dekode-hero\">\n\t\t<div class=\"hero__inner\">\n\t\t\t<div class=\"hero__inner_blocks\">\n\t\t\t\t\n<h1 class=\"wp-block-post-title\">Finansiering og skatt<\/h1>\n\n\n<p>Finansiering og sikkerhetsstillelse for havbruk til havs skiller seg betydelig fra fiskeoppdrett slik vi kjenner det i dag. For havbruk til havs vil de st\u00f8rste investeringene prim\u00e6rt v\u00e6re knyttet til utvikling av fysiske anlegg og n\u00f8dvendig infrastruktur, mens det tradisjonelt har v\u00e6rt knyttet til kj\u00f8p av tillatelser, inkl. \u00f8kning av biomasse.<\/p>\n\n\n\n<div class=\"wp-block-buttons is-layout-flex wp-block-buttons-is-layout-flex\"><\/div>\n\n\t\t\t\t\t\t\t\t\t\t\t<\/div>\n\t\t<\/div>\n\t\t\t\t\t<\/div>\n\t\n\n\n<p>For \u00e5 oppn\u00e5 \u00f8konomisk b\u00e6rekraft m\u00e5 havbruk til havs bygges i stor skala. Dette skyldes ikke bare de h\u00f8ye kostnadene knyttet til bygging og drift, men ogs\u00e5 de unike utfordringene som f\u00f8lger med \u00e5 operere p\u00e5 \u00e5pent hav. Risikoprofilen vil derfor v\u00e6re annerledes, med st\u00f8rre usikkerhet knyttet til biologiske, operasjonelle og finansielle aspekter relatert til teknologi og anlegg, men med mindre usikkerhet for sykdom og smitte.<\/p>\n\n\n\n<p>Det samlede investeringsbehovet er estimert til om lag 100 milliarder kroner. Omtrent halvparten av dette bel\u00f8pet er knyttet til utvikling og konstruksjon av havbruk til havs-anlegg. Den andre halvparten fordeler seg p\u00e5 ringvirkninger i verdikjeden, inkludert bygging av nye smoltanlegg, utvikling av br\u00f8nnb\u00e5ter med avansert teknologi for transport og h\u00e5ndtering av fisk, samt andre st\u00f8ttefunksjoner (Menon Economics, oktober 2023).<\/p>\n\n\n\n<p>Havbruk til havs er derfor en mulighet som prim\u00e6rt vil v\u00e6re tilgjengelig for de st\u00f8rste oppdrettsselskapene i Norge, som har tilgang til kapitalen som kreves for \u00e5 h\u00e5ndtere slike store investeringer.<br><br>En finansiering av et havbruk til havs-prosjekt kan se omtrent slik ut:<\/p>\n\n\n\n<figure class=\"wp-block-image size-full\"><img loading=\"lazy\" decoding=\"async\" width=\"2048\" height=\"1297\" src=\"https:\/\/haavind.no\/content\/uploads\/sites\/7\/2025\/03\/Finansiering-av-Havbruk-til-havs.png\" alt=\"\" class=\"wp-image-6276\" srcset=\"https:\/\/haavind.no\/content\/uploads\/sites\/7\/2025\/03\/Finansiering-av-Havbruk-til-havs.png 2048w, https:\/\/haavind.no\/content\/uploads\/sites\/7\/2025\/03\/Finansiering-av-Havbruk-til-havs-300x190.png 300w, https:\/\/haavind.no\/content\/uploads\/sites\/7\/2025\/03\/Finansiering-av-Havbruk-til-havs-1024x649.png 1024w, https:\/\/haavind.no\/content\/uploads\/sites\/7\/2025\/03\/Finansiering-av-Havbruk-til-havs-768x486.png 768w, https:\/\/haavind.no\/content\/uploads\/sites\/7\/2025\/03\/Finansiering-av-Havbruk-til-havs-1536x973.png 1536w\" sizes=\"(max-width: 2048px) 100vw, 2048px\" \/><\/figure>\n\n\n\n<p>Sponsor kan v\u00e6re et private-equity selskap med havbruksportef\u00f8lje, et oppdrettsselskap og\/eller andre investorer.<\/p>\n\n\n\n<p>SPV, en \u2018single purpose vehicle\u2019 er en juridisk person (ofte et aksjeselskap) som gj\u00f8r det mulig for sponsor\/investorene \u00e5 isolere finansiell risiko. Dette selskapet vil normalt v\u00e6re l\u00e5ntaker ved en eventuell l\u00e5nefinansiering.<\/p>\n\n\n\n<p>Finansinstitusjonene vil v\u00e6re helt sentrale \u00e5 f\u00e5 med. <\/p>\n\n\n\n<p>Statlig risikoavlastning kan imidlertid bli avgj\u00f8rende for \u00e5 komme helt i m\u00e5l med finansiering, i alle fall i denne fasen av havbruk til havs-satsningen. Dette kan komme i form av tilskudd eller andre former for st\u00f8tte, som investeringsfinansiering og arbeidskapitalgarantier fra Eksportfinansiering Norge. Slike tiltak kan redusere risikoen for b\u00e5de finansinstitusjonene og sponsor\/investorene. N\u00e5r det tilf\u00f8res kapital fra flere kilder, dvs. flere kreditorer som skal ha sikkerhet i de samme eiendelene, m\u00e5 det inng\u00e5s en interkreditoravtale som regulerer forholdet dem imellom, herunder prioritet, rettigheter og forpliktelser i forbindelse med sikkerhet og tilbakebetaling av gjeld.<\/p>\n\n\n\n<p>Som nevnt over vil sannsynligvis et av de st\u00f8rre oppdrettsselskapene i Norge, i tillegg til \u00e5 investere, ogs\u00e5 drifte prosjektet p\u00e5 bakgrunn av en tildelt tillatelse til \u00e5 drive havbruk til havs, herunder s\u00f8rge for anlegg og utstyr, biomasse, f\u00f4r, transportavtaler, r\u00f8ktere og driftsledere, distribusjonsavtaler osv.<\/p>\n\n\n\n<p>Det vil v\u00e6re behov for \u00e5 forsikre b\u00e5de biomasse og andre eiendeler (utstyr, b\u00e5ter, bygg\/eiendeler og ansatte). Risikoprofilen for havbruk til havs tilsier at et slikt anlegg vil bli dyrere \u00e5 forsikre enn om man skulle drevet konvensjonelt havbruk. Tilfredsstillende forsikring vil v\u00e6re et krav under en l\u00e5nefinansiering.<\/p>\n\n\n\n<p>Til sist nevner vi tredjeparter. Disse kan ha en kolliderende interesse med havbruk til havs, eksempelvis havvindkraftanlegg og fiskeri. S\u00e5 lenge det er snakk om en begrenset risiko, vil ikke dette nevneverdig redusere muligheten for \u00e5 lykkes med \u00e5 f\u00e5 investorer eller l\u00e5nefinansiering til prosjektet.<\/p>\n\n\n\n<p>Uansett om havbruket skal drives til havs eller konvensjonelt, vil finansiering kreve sikkerhet i eiendeler for \u00e5 ivareta l\u00e5ngiverens interesser. L\u00e5ngiverne vil stille krav om sikkerhet i alle relevante eiendeler som SPV har. Dette inkluderer i hovedsak:<\/p>\n\n\n\n<p><strong>Fysiske eiendeler: <\/strong>Anlegg\/fl\u00e5ter, merder, b\u00e5ter og annet utstyr<br><strong>Biologiske eiendeler:<\/strong> Biomasse<br><strong>Immaterielle eiendeler:<\/strong> Tillatelser for havbruk til havs<br><strong>Finansielle eiendeler: <\/strong>Bankkonti og fordringer<\/p>\n\n\n\n<p>Etablering av sikkerhetene vil dermed f\u00f8lge flere spor: Panteloven, sj\u00f8loven og akvakulturloven.<\/p>\n\n\n\n<p>Sponsor\/investorene vil m\u00e5tte pantsette samtlige av aksjene i SPV \u2013 ofte gjennom et holdingselskap, og stille garantier eller gi l\u00f8fter overfor l\u00e5ngiveren om tilf\u00f8rsel av arbeidskapital ved behov (s\u00e5kalt tr\u00f8stebrev eller \u00abComfort Letter\u00bb).<\/p>\n\n\n\n<p>Avslutningsvis under dette punktet vil vi nevne at det blir spennende \u00e5 f\u00f8lge med p\u00e5 avklaringen p\u00e5 det n\u00e6rmere forholdet mellom EU-taksonomien og havbruk til havs. Dersom havbruk til havs faller innenfor, vil dette danne grunnlag for gr\u00f8nne l\u00e5n fra finansinstitusjonene, gj\u00f8re prosjekt attraktivt for investorer som vil plassere \u00abgr\u00f8nt\u00bb og dermed \u00f8ke kapitaltilgangen som igjen \u00f8ker mulighetene for \u00e5 lykkes med havbruk til havs.<\/p>\n\n\n\n<h2 class=\"wp-block-heading\" id=\"h-grunnrenteskatt-for-havbruk-til-havs\">Grunnrenteskatt for havbruk til havs<\/h2>\n\n\n\n<p>Fra og med inntekts\u00e5ret 2023 er det innf\u00f8rt grunnrenteskatt med 25 pst. effektiv skattesats for innehavere av akvakulturtillatelse til matfisk av laks, \u00f8rret og regnbue\u00f8rret i sj\u00f8. Grunnrenteskatt for havbruk er utformet som en kontantstr\u00f8mskatt, slik som i petroleums- og kraftverksbeskatningen. I havbruk er det imidlertid ingen kompensasjon for underskudd tilsvarende leterefusjonsordningen, men kun en rett til fremf\u00f8ring og fradrag i eventuelle fremtidige grunnrenteinntekter.<\/p>\n\n\n\n<p>Reglene om grunnrenteskatt gjelder ikke for havbruk til havs. Finansdepartementet har i Prop. 78 LS (2022\u20132023) Grunnrenteskatt p\u00e5 havbruk vist til at det \u00abut fra dagens utsikter for kostnader og priser ikke kan p\u00e5vises grunnrente i havbasert oppdrett, og det er ogs\u00e5 usikkert om det kan forventes grunnrente i n\u00e6ringen p\u00e5 sikt\u00bb. Videre skriver departementet at \u00aben grunnrenteskatt p\u00e5 havbasert oppdrett kan [\u2026] gi et betydelig provenytap for staten dersom n\u00e6ringen aldri blir l\u00f8nnsom\u00bb.<\/p>\n\n\n\n<p>Staten \u00f8nsker med andre ord ikke \u00e5 ta noe av risikoen ved \u00e5 etablere havbruk til havs. En eventuell senere innf\u00f8ring av grunnrenteskatt p\u00e5 havbruk til havs vil ikke kunne utelukkes dersom slik virksomhet blir l\u00f8nnsom. Denne usikkerheten har medf\u00f8rt at flere havbruksselskaper har uttrykt skepsis til \u00e5 satse p\u00e5 havbruk til havs.<\/p>\n","protected":false},"excerpt":{"rendered":"","protected":false},"author":6,"featured_media":0,"parent":0,"menu_order":0,"comment_status":"closed","ping_status":"closed","template":"","meta":{"footnotes":"","_haavind_back_button_link_url":"","_haavind_back_button_link_text":"","_haavind_back_button_link_url_open_in_new_tab":false},"acf":[],"yoast_head":"<!-- This site is optimized with the Yoast SEO Premium plugin v24.2 (Yoast SEO v24.2) - https:\/\/yoast.com\/wordpress\/plugins\/seo\/ -->\n<title>Finansiering og skatt - Havbruk Til Havs<\/title>\n<meta name=\"robots\" content=\"index, follow, max-snippet:-1, max-image-preview:large, max-video-preview:-1\" \/>\n<link rel=\"canonical\" href=\"https:\/\/haavind.no\/havbruktilhavs\/finansiering-og-skatt\/\" \/>\n<meta property=\"og:locale\" content=\"nb_NO\" \/>\n<meta property=\"og:type\" content=\"article\" \/>\n<meta property=\"og:title\" content=\"Finansiering og skatt\" \/>\n<meta property=\"og:url\" content=\"https:\/\/haavind.no\/havbruktilhavs\/finansiering-og-skatt\/\" \/>\n<meta property=\"og:site_name\" content=\"Havbruk Til Havs\" \/>\n<meta property=\"article:modified_time\" content=\"2025-03-31T11:34:36+00:00\" \/>\n<meta property=\"og:image\" content=\"https:\/\/haavind.no\/content\/uploads\/sites\/7\/2025\/03\/Finansiering-av-Havbruk-til-havs.png\" \/>\n\t<meta property=\"og:image:width\" content=\"2048\" \/>\n\t<meta property=\"og:image:height\" content=\"1297\" \/>\n\t<meta property=\"og:image:type\" content=\"image\/png\" \/>\n<meta name=\"twitter:card\" content=\"summary_large_image\" \/>\n<meta name=\"twitter:label1\" content=\"Ansl. lesetid\" \/>\n\t<meta name=\"twitter:data1\" content=\"5 minutter\" \/>\n<script type=\"application\/ld+json\" class=\"yoast-schema-graph\">{\"@context\":\"https:\/\/schema.org\",\"@graph\":[{\"@type\":\"WebPage\",\"@id\":\"https:\/\/haavind.no\/havbruktilhavs\/finansiering-og-skatt\/\",\"url\":\"https:\/\/haavind.no\/havbruktilhavs\/finansiering-og-skatt\/\",\"name\":\"Finansiering og skatt - Havbruk Til Havs\",\"isPartOf\":{\"@id\":\"https:\/\/haavind.no\/havbruktilhavs\/#website\"},\"primaryImageOfPage\":{\"@id\":\"https:\/\/haavind.no\/havbruktilhavs\/finansiering-og-skatt\/#primaryimage\"},\"image\":{\"@id\":\"https:\/\/haavind.no\/havbruktilhavs\/finansiering-og-skatt\/#primaryimage\"},\"thumbnailUrl\":\"https:\/\/haavind.no\/content\/uploads\/sites\/7\/2025\/03\/Finansiering-av-Havbruk-til-havs.png\",\"datePublished\":\"2025-03-04T10:10:18+00:00\",\"dateModified\":\"2025-03-31T11:34:36+00:00\",\"breadcrumb\":{\"@id\":\"https:\/\/haavind.no\/havbruktilhavs\/finansiering-og-skatt\/#breadcrumb\"},\"inLanguage\":\"nb-NO\",\"potentialAction\":[{\"@type\":\"ReadAction\",\"target\":[\"https:\/\/haavind.no\/havbruktilhavs\/finansiering-og-skatt\/\"]}]},{\"@type\":\"ImageObject\",\"inLanguage\":\"nb-NO\",\"@id\":\"https:\/\/haavind.no\/havbruktilhavs\/finansiering-og-skatt\/#primaryimage\",\"url\":\"https:\/\/haavind.no\/content\/uploads\/sites\/7\/2025\/03\/Finansiering-av-Havbruk-til-havs.png\",\"contentUrl\":\"https:\/\/haavind.no\/content\/uploads\/sites\/7\/2025\/03\/Finansiering-av-Havbruk-til-havs.png\"},{\"@type\":\"BreadcrumbList\",\"@id\":\"https:\/\/haavind.no\/havbruktilhavs\/finansiering-og-skatt\/#breadcrumb\",\"itemListElement\":[{\"@type\":\"ListItem\",\"position\":1,\"name\":\"Havbruk til havs\",\"item\":\"https:\/\/haavind.no\/havbruktilhavs\/\"},{\"@type\":\"ListItem\",\"position\":2,\"name\":\"Finansiering og skatt\"}]},{\"@type\":\"WebSite\",\"@id\":\"https:\/\/haavind.no\/havbruktilhavs\/#website\",\"url\":\"https:\/\/haavind.no\/havbruktilhavs\/\",\"name\":\"Havbruk Til Havs\",\"description\":\"\",\"potentialAction\":[{\"@type\":\"SearchAction\",\"target\":{\"@type\":\"EntryPoint\",\"urlTemplate\":\"https:\/\/haavind.no\/havbruktilhavs\/?s={search_term_string}\"},\"query-input\":{\"@type\":\"PropertyValueSpecification\",\"valueRequired\":true,\"valueName\":\"search_term_string\"}}],\"inLanguage\":\"nb-NO\"}]}<\/script>\n<!-- \/ Yoast SEO Premium plugin. -->","yoast_head_json":{"title":"Finansiering og skatt - Havbruk Til Havs","robots":{"index":"index","follow":"follow","max-snippet":"max-snippet:-1","max-image-preview":"max-image-preview:large","max-video-preview":"max-video-preview:-1"},"canonical":"https:\/\/haavind.no\/havbruktilhavs\/finansiering-og-skatt\/","og_locale":"nb_NO","og_type":"article","og_title":"Finansiering og skatt","og_url":"https:\/\/haavind.no\/havbruktilhavs\/finansiering-og-skatt\/","og_site_name":"Havbruk Til Havs","article_modified_time":"2025-03-31T11:34:36+00:00","og_image":[{"width":2048,"height":1297,"url":"https:\/\/haavind.no\/content\/uploads\/sites\/7\/2025\/03\/Finansiering-av-Havbruk-til-havs.png","type":"image\/png"}],"twitter_card":"summary_large_image","twitter_misc":{"Ansl. lesetid":"5 minutter"},"schema":{"@context":"https:\/\/schema.org","@graph":[{"@type":"WebPage","@id":"https:\/\/haavind.no\/havbruktilhavs\/finansiering-og-skatt\/","url":"https:\/\/haavind.no\/havbruktilhavs\/finansiering-og-skatt\/","name":"Finansiering og skatt - Havbruk Til Havs","isPartOf":{"@id":"https:\/\/haavind.no\/havbruktilhavs\/#website"},"primaryImageOfPage":{"@id":"https:\/\/haavind.no\/havbruktilhavs\/finansiering-og-skatt\/#primaryimage"},"image":{"@id":"https:\/\/haavind.no\/havbruktilhavs\/finansiering-og-skatt\/#primaryimage"},"thumbnailUrl":"https:\/\/haavind.no\/content\/uploads\/sites\/7\/2025\/03\/Finansiering-av-Havbruk-til-havs.png","datePublished":"2025-03-04T10:10:18+00:00","dateModified":"2025-03-31T11:34:36+00:00","breadcrumb":{"@id":"https:\/\/haavind.no\/havbruktilhavs\/finansiering-og-skatt\/#breadcrumb"},"inLanguage":"nb-NO","potentialAction":[{"@type":"ReadAction","target":["https:\/\/haavind.no\/havbruktilhavs\/finansiering-og-skatt\/"]}]},{"@type":"ImageObject","inLanguage":"nb-NO","@id":"https:\/\/haavind.no\/havbruktilhavs\/finansiering-og-skatt\/#primaryimage","url":"https:\/\/haavind.no\/content\/uploads\/sites\/7\/2025\/03\/Finansiering-av-Havbruk-til-havs.png","contentUrl":"https:\/\/haavind.no\/content\/uploads\/sites\/7\/2025\/03\/Finansiering-av-Havbruk-til-havs.png"},{"@type":"BreadcrumbList","@id":"https:\/\/haavind.no\/havbruktilhavs\/finansiering-og-skatt\/#breadcrumb","itemListElement":[{"@type":"ListItem","position":1,"name":"Havbruk til havs","item":"https:\/\/haavind.no\/havbruktilhavs\/"},{"@type":"ListItem","position":2,"name":"Finansiering og skatt"}]},{"@type":"WebSite","@id":"https:\/\/haavind.no\/havbruktilhavs\/#website","url":"https:\/\/haavind.no\/havbruktilhavs\/","name":"Havbruk Til Havs","description":"","potentialAction":[{"@type":"SearchAction","target":{"@type":"EntryPoint","urlTemplate":"https:\/\/haavind.no\/havbruktilhavs\/?s={search_term_string}"},"query-input":{"@type":"PropertyValueSpecification","valueRequired":true,"valueName":"search_term_string"}}],"inLanguage":"nb-NO"}]}},"_links":{"self":[{"href":"https:\/\/haavind.no\/havbruktilhavs\/wp-json\/wp\/v2\/pages\/6116"}],"collection":[{"href":"https:\/\/haavind.no\/havbruktilhavs\/wp-json\/wp\/v2\/pages"}],"about":[{"href":"https:\/\/haavind.no\/havbruktilhavs\/wp-json\/wp\/v2\/types\/page"}],"author":[{"embeddable":true,"href":"https:\/\/haavind.no\/havbruktilhavs\/wp-json\/wp\/v2\/users\/6"}],"replies":[{"embeddable":true,"href":"https:\/\/haavind.no\/havbruktilhavs\/wp-json\/wp\/v2\/comments?post=6116"}],"version-history":[{"count":8,"href":"https:\/\/haavind.no\/havbruktilhavs\/wp-json\/wp\/v2\/pages\/6116\/revisions"}],"predecessor-version":[{"id":6336,"href":"https:\/\/haavind.no\/havbruktilhavs\/wp-json\/wp\/v2\/pages\/6116\/revisions\/6336"}],"wp:attachment":[{"href":"https:\/\/haavind.no\/havbruktilhavs\/wp-json\/wp\/v2\/media?parent=6116"}],"curies":[{"name":"wp","href":"https:\/\/api.w.org\/{rel}","templated":true}]}}